{"id":8829,"date":"2024-10-29T16:11:27","date_gmt":"2024-10-29T14:11:27","guid":{"rendered":"https:\/\/www.pamgolding.fr\/?page_id=8829"},"modified":"2025-04-22T16:40:39","modified_gmt":"2025-04-22T14:40:39","slug":"a-vendre","status":"publish","type":"page","link":"https:\/\/www.pamgolding.fr\/?page_id=8829","title":{"rendered":"Vendre"},"content":{"rendered":"<h1>Vendre<\/h1>\n<h3>Vous envisagez de mettre votre propri\u00e9t\u00e9 en vente, nos \u00e9quipes sont \u00e0 votre disposition pour r\u00e9aliser une estimation ou r\u00e9pondre \u00e0 toutes vos demandes.<\/h3>\n<form id=\"inquiry_4578c04\" action=\"https:\/\/www.pamgolding.fr\/wp-admin\/admin-ajax.php\" method=\"post\"><input id=\"1c4bbc6\" title=\"\" name=\"name\" type=\"text\" placeholder=\"Nom\" \/><br \/>\n<input id=\"867a600\" title=\"Provide a valid email address\" name=\"email\" type=\"email\" placeholder=\"Email\" \/><br \/>\n<label for=\"f0df7b9\">Comment nous avez-vous trouv\u00e9 ?<\/label><br \/>\n<select title=\"\" name=\"source\"><option value=\"Le bouche \u00e0 oreille\">Le bouche \u00e0 oreille<\/option><option value=\" R\u00e9seaux sociaux\">R\u00e9seaux sociaux<\/option><option value=\" Publicit\u00e9 en ligne\n\">Publicit\u00e9 en ligne<\/option><\/select><\/p>\n<p><input id=\"3fc88d4\" title=\"\" name=\"number\" type=\"text\" placeholder=\"T\u00e9l\u00e9phone\" \/><br \/>\n<textarea id=\"cccce42\" title=\"\" cols=\"30\" name=\"message\" rows=\"4\" placeholder=\"Message\"><\/textarea><br \/>\n<input name=\"nonce\" type=\"hidden\" value=\"538dbed9be\" \/><br \/>\n<input name=\"target-email\" type=\"hidden\" value=\"\" \/><br \/>\n<input name=\"target-email-cc\" type=\"hidden\" value=\"\" \/><br \/>\n<input name=\"target-email-bcc\" type=\"hidden\" value=\"\" \/><br \/>\n<input name=\"action\" type=\"hidden\" value=\"rhea_inquiry_send_message\" \/><br \/>\n<button id=\"inquiry-submit-4578c04\" name=\"submit\" type=\"submit\"><br \/>\nSoumettre<\/p>\n<p><\/button><br \/>\nConsentement RGPD *<input id=\"rh_inspiry_gdpr\" title=\"* Veuillez accepter mon consentement RGPD\" name=\"gdpr\" type=\"checkbox\" value=\"Je consens \u00e0 ce que ce site web stocke les informations que j'ai soumises afin qu'il puisse r\u00e9pondre \u00e0 ma demande.\n\" \/><label for=\"rh_inspiry_gdpr\">Je consens \u00e0 ce que ce site web stocke les informations que j&#8217;ai soumises afin qu&#8217;il puisse r\u00e9pondre \u00e0 ma demande.<br \/>\n<\/label><\/form>\n<h3>Adresse<\/h3>\n<p style=\"margin: 0px;\"><strong>Pam Golding Properties Paris<\/strong><\/p>\n<p style=\"margin: 0px;\"><strong>78 rue de S\u00e8vres<\/strong><\/p>\n<p style=\"margin: 0px;\"><strong>75007 Paris<\/strong><\/p>\n<h3>Contact<\/h3>\n<p style=\"margin: 0px;\">+33 01 53 69 12 50<br \/>\n<a href=\"mailto:infoparis7@pamgolding.fr\">infoparis7@pamgolding.fr<\/a><\/p>\n","protected":false},"excerpt":{"rendered":"<p>Vendre Vous envisagez de mettre votre propri\u00e9t\u00e9 en vente, nos \u00e9quipes sont \u00e0 votre disposition pour r\u00e9aliser une estimation ou r\u00e9pondre \u00e0 toutes vos demandes. Comment nous avez-vous trouv\u00e9 ? Le bouche \u00e0 oreilleR\u00e9seaux sociauxPublicit\u00e9 en ligne Soumettre Consentement RGPD *Je consens \u00e0 ce que ce site web stocke les informations que j&#8217;ai soumises afin&#8230;<\/p>\n","protected":false},"author":2,"featured_media":0,"parent":0,"menu_order":0,"comment_status":"closed","ping_status":"closed","template":"elementor_header_footer","meta":{"_themeisle_gutenberg_block_has_review":false,"footnotes":""},"class_list":["post-8829","page","type-page","status-publish","hentry"],"_links":{"self":[{"href":"https:\/\/www.pamgolding.fr\/index.php?rest_route=\/wp\/v2\/pages\/8829","targetHints":{"allow":["GET"]}}],"collection":[{"href":"https:\/\/www.pamgolding.fr\/index.php?rest_route=\/wp\/v2\/pages"}],"about":[{"href":"https:\/\/www.pamgolding.fr\/index.php?rest_route=\/wp\/v2\/types\/page"}],"author":[{"embeddable":true,"href":"https:\/\/www.pamgolding.fr\/index.php?rest_route=\/wp\/v2\/users\/2"}],"replies":[{"embeddable":true,"href":"https:\/\/www.pamgolding.fr\/index.php?rest_route=%2Fwp%2Fv2%2Fcomments&post=8829"}],"version-history":[{"count":2,"href":"https:\/\/www.pamgolding.fr\/index.php?rest_route=\/wp\/v2\/pages\/8829\/revisions"}],"predecessor-version":[{"id":9115,"href":"https:\/\/www.pamgolding.fr\/index.php?rest_route=\/wp\/v2\/pages\/8829\/revisions\/9115"}],"wp:attachment":[{"href":"https:\/\/www.pamgolding.fr\/index.php?rest_route=%2Fwp%2Fv2%2Fmedia&parent=8829"}],"curies":[{"name":"wp","href":"https:\/\/api.w.org\/{rel}","templated":true}]}}