{"id":8598,"date":"2024-09-20T14:36:47","date_gmt":"2024-09-20T12:36:47","guid":{"rendered":"https:\/\/www.pamgolding.fr\/?page_id=8598"},"modified":"2026-02-19T12:20:36","modified_gmt":"2026-02-19T10:20:36","slug":"contactez-nous","status":"publish","type":"page","link":"https:\/\/www.pamgolding.fr\/?page_id=8598","title":{"rendered":"Contactez nous"},"content":{"rendered":"\t\t<div data-elementor-type=\"wp-page\" data-elementor-id=\"8598\" class=\"elementor elementor-8598\" data-elementor-post-type=\"page\">\n\t\t\t\t<div class=\"elementor-element elementor-element-7d2f5cf e-flex e-con-boxed e-con e-parent\" data-id=\"7d2f5cf\" data-element_type=\"container\" data-settings=\"{&quot;background_background&quot;:&quot;classic&quot;}\">\n\t\t\t\t\t<div class=\"e-con-inner\">\n\t\t\t\t<div class=\"elementor-element elementor-element-269a027 elementor-widget elementor-widget-heading\" data-id=\"269a027\" data-element_type=\"widget\" data-widget_type=\"heading.default\">\n\t\t\t\t<div class=\"elementor-widget-container\">\n\t\t\t<h1 class=\"elementor-heading-title elementor-size-default\">Contactez nous<\/h1>\t\t<\/div>\n\t\t\t\t<\/div>\n\t\t\t\t\t<\/div>\n\t\t\t\t<\/div>\n\t\t<div class=\"elementor-element elementor-element-72824e7 e-flex e-con-boxed e-con e-parent\" data-id=\"72824e7\" data-element_type=\"container\">\n\t\t\t\t\t<div class=\"e-con-inner\">\n\t\t\t\t<div class=\"elementor-element elementor-element-7d4f779 elementor-widget__width-initial elementor-widget elementor-widget-heading\" data-id=\"7d4f779\" data-element_type=\"widget\" data-widget_type=\"heading.default\">\n\t\t\t\t<div class=\"elementor-widget-container\">\n\t\t\t<h3 class=\"elementor-heading-title elementor-size-default\">Nous sommes \u00e0 votre disposition et serions tr\u00e8s heureux de r\u00e9pondre \u00e0 toutes vos demandes<\/h3>\t\t<\/div>\n\t\t\t\t<\/div>\n\t\t\t\t<div class=\"elementor-element elementor-element-4ef0a99 elementor-widget elementor-widget-rhea-inquiry-form\" data-id=\"4ef0a99\" data-element_type=\"widget\" data-widget_type=\"rhea-inquiry-form.default\">\n\t\t\t\t<div class=\"elementor-widget-container\">\n\t\t\t            <div class=\"rhea-inquiry-form-wrapper\">\n                <form class=\"rhea-inquiry-form\" id=\"inquiry_4ef0a99\" action=\"https:\/\/www.pamgolding.fr\/wp-admin\/admin-ajax.php\" method=\"post\">\n                    <div class=\"rhea-inquiry-form-inner\">\n\t\t\t\t\t\t                            <div class=\"rhea-inquiry-field rhea-field-type-name elementor-repeater-item-1c4bbc6\">\n\t\t\t\t\t\t\t\t                <input class=\"rhea-inquiry-form-field  required \" name=\"name\" id=\"1c4bbc6\" type=\"text\" placeholder=\"Nom\" title=\"\">\n\t\t\t\t                            <\/div>\n\t\t\t\t\t\t\t                            <div class=\"rhea-inquiry-field rhea-field-type-email elementor-repeater-item-867a600\">\n\t\t\t\t\t\t\t\t                <input class=\"rhea-inquiry-form-field  required \" name=\"email\" id=\"867a600\" type=\"email\" placeholder=\"Email\" title=\"Provide a valid email address\">\n\t\t\t\t                            <\/div>\n\t\t\t\t\t\t\t                                <div class=\"rhea-inquiry-field-break\">\n\t\t\t\t\t\t\t\t\t                                        <div class=\"rhea-inquiry-form-separator\"><\/div>\n\t\t\t\t\t\t\t\t\t\t                                <\/div>\n\t\t\t\t\t\t\t\t                            <div class=\"rhea-inquiry-field rhea-field-type-source elementor-repeater-item-f0df7b9\">\n\t\t\t\t\t\t\t\t                                    <label for=\"f0df7b9\">Comment nous avez-vous trouv\u00e9 ?<\/label>\n\t\t\t\t\t\t\t\t\t                <select class=\"rhea-inquiry-form-field \" name=\"source\" id=\"f0df7b9\" title=\"\">\n\t\t\t\t\t                            <option value=\"Le bouche \u00e0 oreille\">Le bouche \u00e0 oreille<\/option>\n\t\t\t\t\t\t\t                            <option value=\" R\u00e9seaux sociaux\"> R\u00e9seaux sociaux<\/option>\n\t\t\t\t\t\t\t                            <option value=\" Publicit\u00e9 en ligne\n\"> Publicit\u00e9 en ligne\n<\/option>\n\t\t\t\t\t\t\t                <\/select>\n\t\t\t\t                            <\/div>\n\t\t\t\t\t\t\t                            <div class=\"rhea-inquiry-field rhea-field-type-number elementor-repeater-item-3fc88d4\">\n\t\t\t\t\t\t\t\t                <input class=\"rhea-inquiry-form-field \" name=\"number\" id=\"3fc88d4\" type=\"text\" placeholder=\"T\u00e9l\u00e9phone\" title=\"\">\n\t\t\t\t                            <\/div>\n\t\t\t\t\t\t\t                            <div class=\"rhea-inquiry-field rhea-field-type-message elementor-repeater-item-cccce42\">\n\t\t\t\t\t\t\t\t                <textarea class=\"rhea-inquiry-form-field \" name=\"message\" id=\"cccce42\" placeholder=\"Message\" cols=\"30\" rows=\"4\" title=\"\"><\/textarea>\n\t\t\t\t                            <\/div>\n\t\t\t\t\t\t\t                        <input type=\"hidden\" name=\"nonce\" value=\"403ce47f9f\" \/>\n                        <input type=\"hidden\" name=\"target-email\" value=\"\" \/>\n                        <input type=\"hidden\" name=\"target-email-cc\" value=\"\" \/>\n                        <input type=\"hidden\" name=\"target-email-bcc\" value=\"\" \/>\n                        <input type=\"hidden\" name=\"action\" value=\"rhea_inquiry_send_message\" \/>\n\n\t\t\t\t\t\t                            <div class=\"rhea-inquiry-submit-wrapper submit-button-inline\">\n                                <button class=\"rhea-custom-button slide-in-bottom slide-bg\" type=\"submit\" name=\"submit\" id=\"inquiry-submit-4ef0a99\">\n                                    <span class=\"rhea-inquiry-button-text\">Soumettre<\/span>\n                                    <div class=\"rhea-ajax-loader\">\n                                        <span class=\"rhea_loader_box\"><svg xmlns=\"http:\/\/www.w3.org\/2000\/svg\" xmlns:xlink=\"http:\/\/www.w3.org\/1999\/xlink\" width=\"32px\" height=\"32px\" viewBox=\"0 0 128 128\" xml:space=\"preserve\"><rect x=\"0\" y=\"0\" width=\"100%\" height=\"100%\" fill=\"#FFFFFF\" \/><g><path d=\"M75.4 126.63a11.43 11.43 0 0 1-2.1-22.65 40.9 40.9 0 0 0 30.5-30.6 11.4 11.4 0 1 1 22.27 4.87h.02a63.77 63.77 0 0 1-47.8 48.05v-.02a11.38 11.38 0 0 1-2.93.37z\" fill=\"#1ea69a\" fill-opacity=\"1\"\/><animateTransform attributeName=\"transform\" type=\"rotate\" from=\"0 64 64\" to=\"360 64 64\" dur=\"1000ms\" repeatCount=\"indefinite\"><\/animateTransform><\/g><\/svg>\n<\/span>\n                                    <\/div>\n                                <\/button>\n                            <\/div>\n\t\t\t\t\t\t\t                            <div class=\"rhea-inquiry-gdpr-and-recaptcha\">\n\t\t\t\t\t\t\t\t<div class=\"rh_inspiry_gdpr clearfix\"><span class=\"gdpr-checkbox-label\">Consentement RGPD <span class=\"required-label\">*<\/span><\/span><input type=\"checkbox\" name=\"gdpr\" id=\"rh_inspiry_gdpr\" class=\"required\" value=\"Je consens \u00e0 ce que ce site web stocke les informations que j\\'ai soumises afin qu\\'il puisse r\u00e9pondre \u00e0 ma demande.\r\n\" title=\"* Veuillez accepter mon consentement RGPD\"><label for=\"rh_inspiry_gdpr\"><span class=\"rh-gdpr-text-inner-wrapper\">Je consens \u00e0 ce que ce site web stocke les informations que j\\'ai soumises afin qu\\'il puisse r\u00e9pondre \u00e0 ma demande.\r\n<\/span><\/label><\/div>                            <\/div>\n\t\t\t\t\t\t\t                        <div class=\"rhea-inquiry-form-break\"><\/div>\n                        <div class=\"rhea-message-container\"><\/div>\n                        <div class=\"rhea-error-container\"><\/div>\n\t\t\t\t\t\t                    <\/div>\n                <\/form>\n            <\/div>\n            <script type=\"application\/javascript\">\n                jQuery( document ).on( 'ready', function () {\n                    rheaSubmitContactForm( \"#inquiry_4ef0a99\", \"#inquiry-submit-4ef0a99\" );\n                } );\n            <\/script>\n\t\t\t\t\t<\/div>\n\t\t\t\t<\/div>\n\t\t\t\t\t<\/div>\n\t\t\t\t<\/div>\n\t\t\t\t<section class=\"elementor-section elementor-top-section elementor-element elementor-element-baa213b elementor-section-height-min-height elementor-section-content-middle elementor-section-boxed elementor-section-height-default elementor-section-items-middle\" data-id=\"baa213b\" data-element_type=\"section\">\n\t\t\t\t\t\t<div class=\"elementor-container elementor-column-gap-narrow\">\n\t\t\t\t\t<div class=\"elementor-column elementor-col-50 elementor-top-column elementor-element elementor-element-9f69402\" data-id=\"9f69402\" data-element_type=\"column\">\n\t\t\t<div class=\"elementor-widget-wrap elementor-element-populated\">\n\t\t\t\t\t\t<div class=\"elementor-element elementor-element-3216243 elementor-view-default elementor-widget elementor-widget-icon\" data-id=\"3216243\" data-element_type=\"widget\" data-widget_type=\"icon.default\">\n\t\t\t\t<div class=\"elementor-widget-container\">\n\t\t\t\t\t<div class=\"elementor-icon-wrapper\">\n\t\t\t<div class=\"elementor-icon\">\n\t\t\t<svg aria-hidden=\"true\" class=\"e-font-icon-svg e-fas-map-marker-alt\" viewBox=\"0 0 384 512\" xmlns=\"http:\/\/www.w3.org\/2000\/svg\"><path d=\"M172.268 501.67C26.97 291.031 0 269.413 0 192 0 85.961 85.961 0 192 0s192 85.961 192 192c0 77.413-26.97 99.031-172.268 309.67-9.535 13.774-29.93 13.773-39.464 0zM192 272c44.183 0 80-35.817 80-80s-35.817-80-80-80-80 35.817-80 80 35.817 80 80 80z\"><\/path><\/svg>\t\t\t<\/div>\n\t\t<\/div>\n\t\t\t\t<\/div>\n\t\t\t\t<\/div>\n\t\t\t\t<div class=\"elementor-element elementor-element-677ff0d elementor-widget elementor-widget-heading\" data-id=\"677ff0d\" data-element_type=\"widget\" data-widget_type=\"heading.default\">\n\t\t\t\t<div class=\"elementor-widget-container\">\n\t\t\t<h3 class=\"elementor-heading-title elementor-size-default\">Adresse\n<\/h3>\t\t<\/div>\n\t\t\t\t<\/div>\n\t\t\t\t<div class=\"elementor-element elementor-element-061f36d elementor-widget elementor-widget-text-editor\" data-id=\"061f36d\" data-element_type=\"widget\" data-widget_type=\"text-editor.default\">\n\t\t\t\t<div class=\"elementor-widget-container\">\n\t\t\t\t\t\t\t<p style=\"margin: 0px;\"><strong><span>Pam Golding Properties Paris<\/span><\/strong><\/p><p style=\"margin: 0px;\"><strong><span>78 rue de S\u00e8vres<\/span><\/strong><\/p><p style=\"margin: 0px;\"><strong><span>75007 Paris<\/span><\/strong><\/p>\t\t\t\t\t\t<\/div>\n\t\t\t\t<\/div>\n\t\t\t\t\t<\/div>\n\t\t<\/div>\n\t\t\t\t<div class=\"elementor-column elementor-col-50 elementor-top-column elementor-element elementor-element-4676d14\" data-id=\"4676d14\" data-element_type=\"column\">\n\t\t\t<div class=\"elementor-widget-wrap elementor-element-populated\">\n\t\t\t\t\t\t<div class=\"elementor-element elementor-element-9447985 elementor-view-default elementor-widget elementor-widget-icon\" data-id=\"9447985\" data-element_type=\"widget\" data-widget_type=\"icon.default\">\n\t\t\t\t<div class=\"elementor-widget-container\">\n\t\t\t\t\t<div class=\"elementor-icon-wrapper\">\n\t\t\t<div class=\"elementor-icon\">\n\t\t\t<svg aria-hidden=\"true\" class=\"e-font-icon-svg e-far-address-card\" viewBox=\"0 0 576 512\" xmlns=\"http:\/\/www.w3.org\/2000\/svg\"><path d=\"M528 32H48C21.5 32 0 53.5 0 80v352c0 26.5 21.5 48 48 48h480c26.5 0 48-21.5 48-48V80c0-26.5-21.5-48-48-48zm0 400H48V80h480v352zM208 256c35.3 0 64-28.7 64-64s-28.7-64-64-64-64 28.7-64 64 28.7 64 64 64zm-89.6 128h179.2c12.4 0 22.4-8.6 22.4-19.2v-19.2c0-31.8-30.1-57.6-67.2-57.6-10.8 0-18.7 8-44.8 8-26.9 0-33.4-8-44.8-8-37.1 0-67.2 25.8-67.2 57.6v19.2c0 10.6 10 19.2 22.4 19.2zM360 320h112c4.4 0 8-3.6 8-8v-16c0-4.4-3.6-8-8-8H360c-4.4 0-8 3.6-8 8v16c0 4.4 3.6 8 8 8zm0-64h112c4.4 0 8-3.6 8-8v-16c0-4.4-3.6-8-8-8H360c-4.4 0-8 3.6-8 8v16c0 4.4 3.6 8 8 8zm0-64h112c4.4 0 8-3.6 8-8v-16c0-4.4-3.6-8-8-8H360c-4.4 0-8 3.6-8 8v16c0 4.4 3.6 8 8 8z\"><\/path><\/svg>\t\t\t<\/div>\n\t\t<\/div>\n\t\t\t\t<\/div>\n\t\t\t\t<\/div>\n\t\t\t\t<div class=\"elementor-element elementor-element-dd9fbbd elementor-widget elementor-widget-heading\" data-id=\"dd9fbbd\" data-element_type=\"widget\" data-widget_type=\"heading.default\">\n\t\t\t\t<div class=\"elementor-widget-container\">\n\t\t\t<h3 class=\"elementor-heading-title elementor-size-default\">Contact<\/h3>\t\t<\/div>\n\t\t\t\t<\/div>\n\t\t\t\t<div class=\"elementor-element elementor-element-44331ab elementor-widget elementor-widget-text-editor\" data-id=\"44331ab\" data-element_type=\"widget\" data-widget_type=\"text-editor.default\">\n\t\t\t\t<div class=\"elementor-widget-container\">\n\t\t\t\t\t\t\t<p style=\"margin: 0px;\">+33 01 53 69 12 50<br \/>contact@pamgolding.fr<\/p>\t\t\t\t\t\t<\/div>\n\t\t\t\t<\/div>\n\t\t\t\t\t<\/div>\n\t\t<\/div>\n\t\t\t\t\t<\/div>\n\t\t<\/section>\n\t\t\t\t<\/div>\n\t\t","protected":false},"excerpt":{"rendered":"<p>Contactez nous Nous sommes \u00e0 votre disposition et serions tr\u00e8s heureux de r\u00e9pondre \u00e0 toutes vos demandes Comment nous avez-vous trouv\u00e9 ? Le bouche \u00e0 oreille R\u00e9seaux sociaux Publicit\u00e9 en ligne Soumettre Consentement RGPD *Je consens \u00e0 ce que ce site web stocke les informations que j&#8217;ai soumises afin qu&#8217;il puisse r\u00e9pondre \u00e0 ma demande&#8230;.<\/p>\n","protected":false},"author":1,"featured_media":0,"parent":0,"menu_order":0,"comment_status":"closed","ping_status":"closed","template":"elementor_header_footer","meta":{"_themeisle_gutenberg_block_has_review":false,"footnotes":""},"class_list":["post-8598","page","type-page","status-publish","hentry"],"_links":{"self":[{"href":"https:\/\/www.pamgolding.fr\/index.php?rest_route=\/wp\/v2\/pages\/8598","targetHints":{"allow":["GET"]}}],"collection":[{"href":"https:\/\/www.pamgolding.fr\/index.php?rest_route=\/wp\/v2\/pages"}],"about":[{"href":"https:\/\/www.pamgolding.fr\/index.php?rest_route=\/wp\/v2\/types\/page"}],"author":[{"embeddable":true,"href":"https:\/\/www.pamgolding.fr\/index.php?rest_route=\/wp\/v2\/users\/1"}],"replies":[{"embeddable":true,"href":"https:\/\/www.pamgolding.fr\/index.php?rest_route=%2Fwp%2Fv2%2Fcomments&post=8598"}],"version-history":[{"count":6,"href":"https:\/\/www.pamgolding.fr\/index.php?rest_route=\/wp\/v2\/pages\/8598\/revisions"}],"predecessor-version":[{"id":9414,"href":"https:\/\/www.pamgolding.fr\/index.php?rest_route=\/wp\/v2\/pages\/8598\/revisions\/9414"}],"wp:attachment":[{"href":"https:\/\/www.pamgolding.fr\/index.php?rest_route=%2Fwp%2Fv2%2Fmedia&parent=8598"}],"curies":[{"name":"wp","href":"https:\/\/api.w.org\/{rel}","templated":true}]}}