{"id":4583,"date":"2018-04-30T12:18:11","date_gmt":"2018-04-30T12:18:11","guid":{"rendered":"http:\/\/modern-min.realhomes.io\/?page_id=4583"},"modified":"2024-09-20T17:17:00","modified_gmt":"2024-09-20T15:17:00","slug":"decouvrez-nos-proprietes","status":"publish","type":"page","link":"https:\/\/www.pamgolding.fr\/?page_id=4583","title":{"rendered":"D\u00e9couvrez nos propri\u00e9t\u00e9s"},"content":{"rendered":"","protected":false},"excerpt":{"rendered":"","protected":false},"author":1,"featured_media":8434,"parent":0,"menu_order":0,"comment_status":"closed","ping_status":"closed","template":"templates\/properties.php","meta":{"_themeisle_gutenberg_block_has_review":false,"footnotes":""},"class_list":["post-4583","page","type-page","status-publish","has-post-thumbnail","hentry"],"_links":{"self":[{"href":"https:\/\/www.pamgolding.fr\/index.php?rest_route=\/wp\/v2\/pages\/4583","targetHints":{"allow":["GET"]}}],"collection":[{"href":"https:\/\/www.pamgolding.fr\/index.php?rest_route=\/wp\/v2\/pages"}],"about":[{"href":"https:\/\/www.pamgolding.fr\/index.php?rest_route=\/wp\/v2\/types\/page"}],"author":[{"embeddable":true,"href":"https:\/\/www.pamgolding.fr\/index.php?rest_route=\/wp\/v2\/users\/1"}],"replies":[{"embeddable":true,"href":"https:\/\/www.pamgolding.fr\/index.php?rest_route=%2Fwp%2Fv2%2Fcomments&post=4583"}],"version-history":[{"count":0,"href":"https:\/\/www.pamgolding.fr\/index.php?rest_route=\/wp\/v2\/pages\/4583\/revisions"}],"wp:featuredmedia":[{"embeddable":true,"href":"https:\/\/www.pamgolding.fr\/index.php?rest_route=\/wp\/v2\/media\/8434"}],"wp:attachment":[{"href":"https:\/\/www.pamgolding.fr\/index.php?rest_route=%2Fwp%2Fv2%2Fmedia&parent=4583"}],"curies":[{"name":"wp","href":"https:\/\/api.w.org\/{rel}","templated":true}]}}